{"id":5721,"date":"2018-03-28T13:39:47","date_gmt":"2018-03-28T13:39:47","guid":{"rendered":"http:\/\/www.lartdecomunicar.com\/creacio-dactes-socioculturals\/"},"modified":"2025-05-02T11:24:41","modified_gmt":"2025-05-02T11:24:41","slug":"events-socioculturals","status":"publish","type":"page","link":"https:\/\/lartdecomunicar.cat\/es\/events-socioculturals\/","title":{"rendered":"Eventos socioculturales"},"content":{"rendered":"<p>[et_pb_section fb_built=\u00bb1&#8243; _builder_version=\u00bb4.16&#8243; global_colors_info=\u00bb{}\u00bb][et_pb_row use_custom_gutter=\u00bbon\u00bb gutter_width=\u00bb0&#8243; _builder_version=\u00bb4.16&#8243; background_color=\u00bb#791417&#8243; width=\u00bb100%\u00bb max_width=\u00bb100%\u00bb use_custom_width=\u00bbon\u00bb width_unit=\u00bboff\u00bb custom_width_percent=\u00bb100%\u00bb global_colors_info=\u00bb{}\u00bb][et_pb_column type=\u00bb4_4&#8243; _builder_version=\u00bb4.16&#8243; custom_padding=\u00bb|||\u00bb global_colors_info=\u00bb{}\u00bb custom_padding__hover=\u00bb|||\u00bb][et_pb_text _builder_version=\u00bb4.27.4&#8243; text_font=\u00bb||||||||\u00bb text_text_color=\u00bb#ffffff\u00bb hover_enabled=\u00bb0&#8243; global_colors_info=\u00bb{}\u00bb sticky_enabled=\u00bb0&#8243;]<\/p>\n<h1 style=\"text-align: center;\"><span style=\"color: #ffffff; font-size: xx-large;\"><strong>Organizamos proyectos art\u00edsticos y sociales y\/o culturales<\/strong><\/span><\/h1>\n<p>[\/et_pb_text][\/et_pb_column][\/et_pb_row][\/et_pb_section][et_pb_section fb_built=\u00bb1&#8243; specialty=\u00bbon\u00bb _builder_version=\u00bb4.16&#8243; custom_padding=\u00bb40px|0px|19.0156px|0px|false|false\u00bb global_colors_info=\u00bb{}\u00bb][et_pb_column type=\u00bb2_3&#8243; specialty_columns=\u00bb2&#8243; _builder_version=\u00bb4.16&#8243; custom_padding=\u00bb|||\u00bb global_colors_info=\u00bb{}\u00bb parallax__hover=\u00bboff\u00bb parallax_method__hover=\u00bbon\u00bb custom_padding__hover=\u00bb|||\u00bb][et_pb_row_inner _builder_version=\u00bb4.16&#8243; custom_padding=\u00bb0|0px|0|0px|false|false\u00bb global_colors_info=\u00bb{}\u00bb][et_pb_column_inner saved_specialty_column_type=\u00bb2_3&#8243; _builder_version=\u00bb4.16&#8243; custom_padding=\u00bb|||\u00bb global_colors_info=\u00bb{}\u00bb parallax__hover=\u00bboff\u00bb parallax_method__hover=\u00bbon\u00bb custom_padding__hover=\u00bb|||\u00bb][et_pb_text _builder_version=\u00bb4.16&#8243; text_font=\u00bb||||||||\u00bb text_text_color=\u00bb#000000&#8243; text_font_size=\u00bb16px\u00bb global_colors_info=\u00bb{}\u00bb]<\/p>\n<p style=\"text-align: justify;\"><span style=\"background-color: #ffffff; font-size: medium;\">En\u00a0<strong>LARTsabercomunicar<\/strong>\u00a0tenemos una extensa cartera de actores y actrices, directores teatrales, bailarines, payasos y profesionales de todas las disciplinas art\u00edsticas en general, as\u00ed como regidores de espacios y de escena, t\u00e9cnicos de luces y de sonido, escen\u00f3grafos, etc. Con convenio de colaboraci\u00f3n con <\/span><span style=\"font-size: medium;\"><strong><span style=\"text-decoration: underline;\"><a href=\"http:\/\/www.aktes.cat\/\">Aktes Serveis Integrals SL<\/a><\/span><\/strong>, abrazamos desde la creaci\u00f3n originaria del proyecto hasta el m\u00e1s peque\u00f1o detalle a nivel de gesti\u00f3n y de infraestructura.<\/span><\/p>\n<p style=\"text-align: justify;\"><span style=\"font-size: medium;\">Nos encargamos adem\u00e1s de la elaboraci\u00f3n de guiones ya sea para tus proyectos, para una presentaci\u00f3n que debas afrontar o para cualquier otro tipo de situaci\u00f3n.<\/span><\/p>\n<p>[\/et_pb_text][\/et_pb_column_inner][\/et_pb_row_inner][et_pb_row_inner _builder_version=\u00bb4.16&#8243; custom_padding=\u00bb41.8594px|0px|0|0px|false|false\u00bb global_colors_info=\u00bb{}\u00bb][et_pb_column_inner saved_specialty_column_type=\u00bb2_3&#8243; _builder_version=\u00bb4.16&#8243; custom_padding=\u00bb|||\u00bb global_colors_info=\u00bb{}\u00bb parallax__hover=\u00bboff\u00bb parallax_method__hover=\u00bbon\u00bb custom_padding__hover=\u00bb|||\u00bb][et_pb_gallery gallery_ids=\u00bb5761,5760,5758,5757,6130,6128,6126&#8243; posts_number=\u00bb2&#8243; show_title_and_caption=\u00bboff\u00bb _builder_version=\u00bb4.16&#8243; border_radii_image=\u00bbon|25px|25px|25px|25px\u00bb border_width_all_image=\u00bb1px\u00bb box_shadow_style_image=\u00bbpreset1&#8243; global_colors_info=\u00bb{}\u00bb][\/et_pb_gallery][\/et_pb_column_inner][\/et_pb_row_inner][et_pb_row_inner _builder_version=\u00bb4.16&#8243; custom_padding=\u00bb0|0px|30px|0px|false|false\u00bb global_colors_info=\u00bb{}\u00bb][et_pb_column_inner saved_specialty_column_type=\u00bb2_3&#8243; _builder_version=\u00bb4.16&#8243; custom_padding=\u00bb|||\u00bb global_colors_info=\u00bb{}\u00bb parallax__hover=\u00bboff\u00bb parallax_method__hover=\u00bbon\u00bb custom_padding__hover=\u00bb|||\u00bb][et_pb_text _builder_version=\u00bb4.16&#8243; text_font=\u00bb||||||||\u00bb text_text_color=\u00bb#000000&#8243; text_font_size=\u00bb16px\u00bb text_orientation=\u00bbjustified\u00bb global_colors_info=\u00bb{}\u00bb]<\/p>\n<blockquote>\n<p style=\"text-align: justify;\"><strong>Nos encargamos de eventos como:<\/strong><\/p>\n<\/blockquote>\n<div style=\"float: left; width: 45%; text-align: justify;\">\n<ul>\n<li>Cenas de empresa<\/li>\n<li>Presentaciones de productos<\/li>\n<li>Ruedas de prensa originales<\/li>\n<li>Presentaciones de libros<\/li>\n<li>Simposios<\/li>\n<\/ul>\n<p>&nbsp;<\/p>\n<\/div>\n<div style=\"float: right; width: 45%; text-align: justify;\">\n<ul>\n<li style=\"text-align: justify;\">Congresos<\/li>\n<li style=\"text-align: justify;\">Jornadas de puertas abiertas<\/li>\n<li style=\"text-align: justify;\">Inauguraciones de espacios<\/li>\n<li style=\"text-align: justify;\">Fiestas mayores<\/li>\n<li style=\"text-align: justify;\">&#8230;<\/li>\n<\/ul>\n<\/div>\n<p>[\/et_pb_text][\/et_pb_column_inner][\/et_pb_row_inner][et_pb_row_inner _builder_version=\u00bb4.16&#8243; custom_padding=\u00bb0|0px|40px|0px|false|false\u00bb global_colors_info=\u00bb{}\u00bb][et_pb_column_inner saved_specialty_column_type=\u00bb2_3&#8243; _builder_version=\u00bb4.16&#8243; custom_padding=\u00bb|||\u00bb global_colors_info=\u00bb{}\u00bb parallax__hover=\u00bboff\u00bb parallax_method__hover=\u00bbon\u00bb custom_padding__hover=\u00bb|||\u00bb][et_pb_button button_url=\u00bbhttps:\/\/lartdecomunicar.cat\/es\/contacte\/\u00bb button_text=\u00bbInf\u00f3rmate\u00bb button_alignment=\u00bbcenter\u00bb _builder_version=\u00bb4.16&#8243; custom_button=\u00bbon\u00bb button_text_color=\u00bb#ffffff\u00bb button_font=\u00bb||||||||\u00bb custom_margin=\u00bb||\u00bb custom_padding=\u00bb||\u00bb global_colors_info=\u00bb{}\u00bb button_text_color__hover_enabled=\u00bbon\u00bb button_text_color__hover=\u00bb#791417&#8243;][\/et_pb_button][\/et_pb_column_inner][\/et_pb_row_inner][\/et_pb_column][et_pb_column type=\u00bb1_3&#8243; _builder_version=\u00bb4.16&#8243; custom_padding=\u00bb|||\u00bb global_colors_info=\u00bb{}\u00bb parallax__hover=\u00bboff\u00bb parallax_method__hover=\u00bbon\u00bb custom_padding__hover=\u00bb|||\u00bb][et_pb_text _builder_version=\u00bb4.16&#8243; background_color=\u00bb#b7b7b7&#8243; custom_padding=\u00bb30px|30px|30px|30px\u00bb custom_css_main_element=\u00bbtop: -40px;\u00bb border_radii=\u00bbon|25px|25px|25px|25px\u00bb border_width_all=\u00bb1px\u00bb global_colors_info=\u00bb{}\u00bb]<\/p>\n<p><span style=\"font-size: large;\">Algunos eventos para coger ideas:<\/span><\/p>\n<p><span style=\"font-size: large;\"><\/span><\/p>\n<ul>\n<li><span style=\"text-decoration: underline;\">Mesas redondas Sal\u00f3 del cinema 16&#8242;<\/span><\/li>\n<li class=\"last\"><span style=\"text-decoration: underline;\">Mesas redondas Sal\u00f3 del cinema 17&#8242;<\/span><\/li>\n<li class=\"last\"><span style=\"text-decoration: underline;\">Mesas redondas Sal\u00f3 del cinema 18&#8242;<\/span><\/li>\n<li style=\"text-align: justify;\"><span style=\"text-decoration: underline;\">Festival Versos amb veu \u201813<\/span><\/li>\n<li style=\"text-align: justify;\"><span style=\"text-decoration: underline;\">Festival Versos amb veu \u201815<\/span><\/li>\n<li style=\"text-align: justify;\"><span style=\"text-decoration: underline;\">Dia del Pare Igualitari<\/span><\/li>\n<li style=\"text-align: justify;\"><span style=\"text-decoration: underline;\">\u201cEl Surinam\u201d (Direcci\u00f3n.)<\/span><\/li>\n<li style=\"text-align: justify;\"><span style=\"text-decoration: underline;\">\u201cHug, lo darrer comte\u201d VI festes del asedio de Olp. (Dramat\u00fargia i direcci\u00f3n.)<\/span><\/li>\n<li style=\"text-align: justify;\"><span style=\"text-decoration: underline;\">\u201cNi tra\u00efdors ni covards\u201d VII festes del asedio deOlp. (Dramat\u00fargia i direcci\u00f3n.)<\/span><\/li>\n<li style=\"text-align: justify;\"><span style=\"text-decoration: underline;\">Deixa\u2019t prendre el p\u00e8l pel pare Manel: Escenario central de Pla\u00e7a Catalunya<\/span><\/li>\n<li style=\"text-align: justify;\"><span style=\"text-decoration: underline;\">Festes de la Merc\u00e8. (Regidoria y producci\u00f3n de espacios y escenarios.)<\/span><\/li>\n<li style=\"text-align: justify;\"><span style=\"text-decoration: underline;\">Cumbre Iberoamericana de Salamanca. (Producci\u00f3n)<\/span><\/li>\n<li style=\"text-align: justify;\"><span style=\"text-decoration: underline;\">Jornada de Portes Obertes al F\u00f2rum:\u00a0Organizaci\u00f3n y producci\u00f3n del acto de apertura.<\/span><\/li>\n<\/ul>\n<p>[\/et_pb_text][\/et_pb_column][\/et_pb_section]<\/p>\n","protected":false},"excerpt":{"rendered":"<p>Organizamos proyectos art\u00edsticos y sociales y\/o culturalesEn\u00a0LARTsabercomunicar\u00a0tenemos una extensa cartera de actores y actrices, directores teatrales, bailarines, payasos y profesionales de todas las disciplinas art\u00edsticas en general, as\u00ed como regidores de espacios y de escena, t\u00e9cnicos de luces y de sonido, escen\u00f3grafos, etc. Con convenio de colaboraci\u00f3n con Aktes Serveis Integrals SL, abrazamos desde la [&hellip;]<\/p>\n","protected":false},"author":6,"featured_media":0,"parent":0,"menu_order":0,"comment_status":"closed","ping_status":"closed","template":"","meta":{"_et_pb_use_builder":"on","_et_pb_old_content":"","_et_gb_content_width":"","footnotes":""},"class_list":["post-5721","page","type-page","status-publish","hentry"],"yoast_head":"<!-- This site is optimized with the Yoast SEO plugin v27.3 - https:\/\/yoast.com\/product\/yoast-seo-wordpress\/ -->\n<title>LART saber comunicar | Creaci\u00f3n eventos socioculturales<\/title>\n<meta name=\"description\" content=\"Organizadores de eventos Barcelona de cursos de oratoria y comunicaci\u00f3n interpersonal para superar el miedo esc\u00e9nico y mejorar tu comunicaci\u00f3n en p\u00fablico.\" \/>\n<meta name=\"robots\" content=\"index, follow, max-snippet:-1, max-image-preview:large, max-video-preview:-1\" \/>\n<link rel=\"canonical\" href=\"https:\/\/lartdecomunicar.cat\/es\/events-socioculturals\/\" \/>\n<meta property=\"og:locale\" content=\"es_ES\" \/>\n<meta property=\"og:type\" content=\"article\" \/>\n<meta property=\"og:title\" content=\"LART saber comunicar | Creaci\u00f3n eventos socioculturales\" \/>\n<meta property=\"og:description\" content=\"Organizadores de eventos Barcelona de cursos de oratoria y comunicaci\u00f3n interpersonal para superar el miedo esc\u00e9nico y mejorar tu comunicaci\u00f3n en p\u00fablico.\" \/>\n<meta property=\"og:url\" content=\"https:\/\/lartdecomunicar.cat\/es\/events-socioculturals\/\" \/>\n<meta property=\"og:site_name\" content=\"L&#039;art de saber comunicar\" \/>\n<meta property=\"article:publisher\" content=\"https:\/\/www.facebook.com\/lartdecomunicar\" \/>\n<meta property=\"article:modified_time\" content=\"2025-05-02T11:24:41+00:00\" \/>\n<meta name=\"twitter:card\" content=\"summary_large_image\" \/>\n<meta name=\"twitter:label1\" content=\"Tiempo de lectura\" \/>\n\t<meta name=\"twitter:data1\" content=\"3 minutos\" \/>\n<script type=\"application\/ld+json\" class=\"yoast-schema-graph\">{\"@context\":\"https:\\\/\\\/schema.org\",\"@graph\":[{\"@type\":\"WebPage\",\"@id\":\"https:\\\/\\\/lartdecomunicar.cat\\\/es\\\/events-socioculturals\\\/\",\"url\":\"https:\\\/\\\/lartdecomunicar.cat\\\/es\\\/events-socioculturals\\\/\",\"name\":\"LART saber comunicar | Creaci\u00f3n eventos socioculturales\",\"isPartOf\":{\"@id\":\"https:\\\/\\\/lartdecomunicar.cat\\\/#website\"},\"datePublished\":\"2018-03-28T13:39:47+00:00\",\"dateModified\":\"2025-05-02T11:24:41+00:00\",\"description\":\"Organizadores de eventos Barcelona de cursos de oratoria y comunicaci\u00f3n interpersonal para superar el miedo esc\u00e9nico y mejorar tu comunicaci\u00f3n en p\u00fablico.\",\"breadcrumb\":{\"@id\":\"https:\\\/\\\/lartdecomunicar.cat\\\/es\\\/events-socioculturals\\\/#breadcrumb\"},\"inLanguage\":\"es\",\"potentialAction\":[{\"@type\":\"ReadAction\",\"target\":[\"https:\\\/\\\/lartdecomunicar.cat\\\/es\\\/events-socioculturals\\\/\"]}]},{\"@type\":\"BreadcrumbList\",\"@id\":\"https:\\\/\\\/lartdecomunicar.cat\\\/es\\\/events-socioculturals\\\/#breadcrumb\",\"itemListElement\":[{\"@type\":\"ListItem\",\"position\":1,\"name\":\"Portada\",\"item\":\"https:\\\/\\\/lartdecomunicar.cat\\\/\"},{\"@type\":\"ListItem\",\"position\":2,\"name\":\"Eventos socioculturales\"}]},{\"@type\":\"WebSite\",\"@id\":\"https:\\\/\\\/lartdecomunicar.cat\\\/#website\",\"url\":\"https:\\\/\\\/lartdecomunicar.cat\\\/\",\"name\":\"LARTdecomunicar\",\"description\":\"Serveis de comunicaci\u00f3 interpersonal i orat\u00f2ria en p\u00fablic\",\"publisher\":{\"@id\":\"https:\\\/\\\/lartdecomunicar.cat\\\/#organization\"},\"potentialAction\":[{\"@type\":\"SearchAction\",\"target\":{\"@type\":\"EntryPoint\",\"urlTemplate\":\"https:\\\/\\\/lartdecomunicar.cat\\\/?s={search_term_string}\"},\"query-input\":{\"@type\":\"PropertyValueSpecification\",\"valueRequired\":true,\"valueName\":\"search_term_string\"}}],\"inLanguage\":\"es\"},{\"@type\":\"Organization\",\"@id\":\"https:\\\/\\\/lartdecomunicar.cat\\\/#organization\",\"name\":\"LARTdecomunicar\",\"url\":\"https:\\\/\\\/lartdecomunicar.cat\\\/\",\"logo\":{\"@type\":\"ImageObject\",\"inLanguage\":\"es\",\"@id\":\"https:\\\/\\\/lartdecomunicar.cat\\\/#\\\/schema\\\/logo\\\/image\\\/\",\"url\":\"https:\\\/\\\/www.lartdecomunicar.com\\\/wp-content\\\/uploads\\\/2014\\\/11\\\/LogoLART_2014_baixa.png\",\"contentUrl\":\"https:\\\/\\\/www.lartdecomunicar.com\\\/wp-content\\\/uploads\\\/2014\\\/11\\\/LogoLART_2014_baixa.png\",\"width\":304,\"height\":119,\"caption\":\"LARTdecomunicar\"},\"image\":{\"@id\":\"https:\\\/\\\/lartdecomunicar.cat\\\/#\\\/schema\\\/logo\\\/image\\\/\"},\"sameAs\":[\"https:\\\/\\\/www.facebook.com\\\/lartdecomunicar\"]}]}<\/script>\n<!-- \/ Yoast SEO plugin. -->","yoast_head_json":{"title":"LART saber comunicar | Creaci\u00f3n eventos socioculturales","description":"Organizadores de eventos Barcelona de cursos de oratoria y comunicaci\u00f3n interpersonal para superar el miedo esc\u00e9nico y mejorar tu comunicaci\u00f3n en p\u00fablico.","robots":{"index":"index","follow":"follow","max-snippet":"max-snippet:-1","max-image-preview":"max-image-preview:large","max-video-preview":"max-video-preview:-1"},"canonical":"https:\/\/lartdecomunicar.cat\/es\/events-socioculturals\/","og_locale":"es_ES","og_type":"article","og_title":"LART saber comunicar | Creaci\u00f3n eventos socioculturales","og_description":"Organizadores de eventos Barcelona de cursos de oratoria y comunicaci\u00f3n interpersonal para superar el miedo esc\u00e9nico y mejorar tu comunicaci\u00f3n en p\u00fablico.","og_url":"https:\/\/lartdecomunicar.cat\/es\/events-socioculturals\/","og_site_name":"L&#039;art de saber comunicar","article_publisher":"https:\/\/www.facebook.com\/lartdecomunicar","article_modified_time":"2025-05-02T11:24:41+00:00","twitter_card":"summary_large_image","twitter_misc":{"Tiempo de lectura":"3 minutos"},"schema":{"@context":"https:\/\/schema.org","@graph":[{"@type":"WebPage","@id":"https:\/\/lartdecomunicar.cat\/es\/events-socioculturals\/","url":"https:\/\/lartdecomunicar.cat\/es\/events-socioculturals\/","name":"LART saber comunicar | Creaci\u00f3n eventos socioculturales","isPartOf":{"@id":"https:\/\/lartdecomunicar.cat\/#website"},"datePublished":"2018-03-28T13:39:47+00:00","dateModified":"2025-05-02T11:24:41+00:00","description":"Organizadores de eventos Barcelona de cursos de oratoria y comunicaci\u00f3n interpersonal para superar el miedo esc\u00e9nico y mejorar tu comunicaci\u00f3n en p\u00fablico.","breadcrumb":{"@id":"https:\/\/lartdecomunicar.cat\/es\/events-socioculturals\/#breadcrumb"},"inLanguage":"es","potentialAction":[{"@type":"ReadAction","target":["https:\/\/lartdecomunicar.cat\/es\/events-socioculturals\/"]}]},{"@type":"BreadcrumbList","@id":"https:\/\/lartdecomunicar.cat\/es\/events-socioculturals\/#breadcrumb","itemListElement":[{"@type":"ListItem","position":1,"name":"Portada","item":"https:\/\/lartdecomunicar.cat\/"},{"@type":"ListItem","position":2,"name":"Eventos socioculturales"}]},{"@type":"WebSite","@id":"https:\/\/lartdecomunicar.cat\/#website","url":"https:\/\/lartdecomunicar.cat\/","name":"LARTdecomunicar","description":"Serveis de comunicaci\u00f3 interpersonal i orat\u00f2ria en p\u00fablic","publisher":{"@id":"https:\/\/lartdecomunicar.cat\/#organization"},"potentialAction":[{"@type":"SearchAction","target":{"@type":"EntryPoint","urlTemplate":"https:\/\/lartdecomunicar.cat\/?s={search_term_string}"},"query-input":{"@type":"PropertyValueSpecification","valueRequired":true,"valueName":"search_term_string"}}],"inLanguage":"es"},{"@type":"Organization","@id":"https:\/\/lartdecomunicar.cat\/#organization","name":"LARTdecomunicar","url":"https:\/\/lartdecomunicar.cat\/","logo":{"@type":"ImageObject","inLanguage":"es","@id":"https:\/\/lartdecomunicar.cat\/#\/schema\/logo\/image\/","url":"https:\/\/www.lartdecomunicar.com\/wp-content\/uploads\/2014\/11\/LogoLART_2014_baixa.png","contentUrl":"https:\/\/www.lartdecomunicar.com\/wp-content\/uploads\/2014\/11\/LogoLART_2014_baixa.png","width":304,"height":119,"caption":"LARTdecomunicar"},"image":{"@id":"https:\/\/lartdecomunicar.cat\/#\/schema\/logo\/image\/"},"sameAs":["https:\/\/www.facebook.com\/lartdecomunicar"]}]}},"_links":{"self":[{"href":"https:\/\/lartdecomunicar.cat\/es\/wp-json\/wp\/v2\/pages\/5721","targetHints":{"allow":["GET"]}}],"collection":[{"href":"https:\/\/lartdecomunicar.cat\/es\/wp-json\/wp\/v2\/pages"}],"about":[{"href":"https:\/\/lartdecomunicar.cat\/es\/wp-json\/wp\/v2\/types\/page"}],"author":[{"embeddable":true,"href":"https:\/\/lartdecomunicar.cat\/es\/wp-json\/wp\/v2\/users\/6"}],"replies":[{"embeddable":true,"href":"https:\/\/lartdecomunicar.cat\/es\/wp-json\/wp\/v2\/comments?post=5721"}],"version-history":[{"count":22,"href":"https:\/\/lartdecomunicar.cat\/es\/wp-json\/wp\/v2\/pages\/5721\/revisions"}],"predecessor-version":[{"id":6679,"href":"https:\/\/lartdecomunicar.cat\/es\/wp-json\/wp\/v2\/pages\/5721\/revisions\/6679"}],"wp:attachment":[{"href":"https:\/\/lartdecomunicar.cat\/es\/wp-json\/wp\/v2\/media?parent=5721"}],"curies":[{"name":"wp","href":"https:\/\/api.w.org\/{rel}","templated":true}]}}