{"id":5720,"date":"2018-04-27T12:36:12","date_gmt":"2018-04-27T12:36:12","guid":{"rendered":"http:\/\/www.lartdecomunicar.com\/cartera-dactors\/"},"modified":"2025-05-02T11:27:08","modified_gmt":"2025-05-02T11:27:08","slug":"cartera-dactors","status":"publish","type":"page","link":"https:\/\/lartdecomunicar.cat\/es\/cartera-dactors\/","title":{"rendered":"Cartera de actores"},"content":{"rendered":"<p>[et_pb_section fb_built=\u00bb1&#8243; _builder_version=\u00bb4.16&#8243; global_colors_info=\u00bb{}\u00bb][et_pb_row use_custom_gutter=\u00bbon\u00bb gutter_width=\u00bb0&#8243; _builder_version=\u00bb4.16&#8243; background_color=\u00bb#791417&#8243; width=\u00bb100%\u00bb max_width=\u00bb100%\u00bb use_custom_width=\u00bbon\u00bb width_unit=\u00bboff\u00bb custom_width_percent=\u00bb100%\u00bb global_colors_info=\u00bb{}\u00bb][et_pb_column type=\u00bb4_4&#8243; _builder_version=\u00bb4.16&#8243; custom_padding=\u00bb|||\u00bb global_colors_info=\u00bb{}\u00bb custom_padding__hover=\u00bb|||\u00bb][et_pb_text _builder_version=\u00bb4.27.4&#8243; text_font=\u00bb||||||||\u00bb text_text_color=\u00bb#ffffff\u00bb hover_enabled=\u00bb0&#8243; global_colors_info=\u00bb{}\u00bb sticky_enabled=\u00bb0&#8243;]<\/p>\n<h1 style=\"text-align: center;\"><span style=\"color: #ffffff; font-size: xx-large;\"><strong>Actores y Actrices para producciones audiovisuales y corporativas<\/strong><\/span><\/h1>\n<p>[\/et_pb_text][\/et_pb_column][\/et_pb_row][\/et_pb_section][et_pb_section fb_built=\u00bb1&#8243; _builder_version=\u00bb4.16&#8243; custom_padding=\u00bb0|0px|0|0px|false|false\u00bb global_colors_info=\u00bb{}\u00bb][et_pb_row _builder_version=\u00bb4.16&#8243; custom_padding=\u00bb30px|0px|33px|0px|false|false\u00bb global_colors_info=\u00bb{}\u00bb][et_pb_column type=\u00bb4_4&#8243; _builder_version=\u00bb4.16&#8243; custom_padding=\u00bb|||\u00bb global_colors_info=\u00bb{}\u00bb custom_padding__hover=\u00bb|||\u00bb][et_pb_text _builder_version=\u00bb4.16&#8243; text_font=\u00bb||||||||\u00bb text_text_color=\u00bb#000000&#8243; text_font_size=\u00bb18px\u00bb global_colors_info=\u00bb{}\u00bb]<\/p>\n<p style=\"text-align: justify;\">Nosotros -integrantes de LART- somos actores y adem\u00e1s disponemos de una extensa cartera de profesionales del mundo de la interpretaci\u00f3n que colaboran habitualmente con nosotros en distintos \u00e1mbitos.<\/p>\n<p>[\/et_pb_text][\/et_pb_column][\/et_pb_row][et_pb_row column_structure=\u00bb1_3,1_3,1_3&#8243; make_equal=\u00bbon\u00bb module_class=\u00bb et_pb_row_fullwidth\u00bb _builder_version=\u00bb4.16&#8243; width=\u00bb94%\u00bb width_tablet=\u00bb80%\u00bb width_phone=\u00bb80%\u00bb width_last_edited=\u00bbon|desktop\u00bb max_width=\u00bb94%\u00bb max_width_tablet=\u00bb80%\u00bb max_width_phone=\u00bb80%\u00bb max_width_last_edited=\u00bbon|desktop\u00bb custom_padding=\u00bb|||\u00bb make_fullwidth=\u00bbon\u00bb custom_width_px=\u00bb1290px\u00bb global_colors_info=\u00bb{}\u00bb][et_pb_column type=\u00bb1_3&#8243; _builder_version=\u00bb4.16&#8243; background_color=\u00bb#b7b7b7&#8243; custom_padding=\u00bb10px|10px|10px|10px\u00bb custom_css_main_element=\u00bbborder-radius: 25px;\u00bb global_colors_info=\u00bb{}\u00bb custom_padding__hover=\u00bb|||\u00bb][et_pb_text _builder_version=\u00bb4.16&#8243; global_colors_info=\u00bb{}\u00bb]<\/p>\n<blockquote>\n<p><span style=\"font-size: large;\">Para productoras: v\u00eddeos corporativos, publicidad, locuciones, etc.<\/span><\/p>\n<\/blockquote>\n<p>[\/et_pb_text][et_pb_text _builder_version=\u00bb4.16&#8243; text_font=\u00bb||||||||\u00bb global_colors_info=\u00bb{}\u00bb]<\/p>\n<div class=\"hover-bio-wrapper\">\n<div class=\"hover-bio\">\n<figure class=\"hover-bio\"><img decoding=\"async\" src=\"https:\/\/lartdecomunicar.cat\/wp-content\/uploads\/2018\/06\/0078_SLC_Maxchief_TheEventMasters.jpg\" \/><figcaption>Te buscamos actores y actrices adecuados para tu proyecto sin que tengas que hacer largos procesos de selecci\u00f3n<\/figcaption><\/figure>\n<\/div>\n<\/div>\n<p>[\/et_pb_text][\/et_pb_column][et_pb_column type=\u00bb1_3&#8243; _builder_version=\u00bb4.16&#8243; background_color=\u00bb#b7b7b7&#8243; custom_padding=\u00bb10px|0px|10px|10px\u00bb custom_css_main_element=\u00bbborder-radius: 25px;\u00bb global_colors_info=\u00bb{}\u00bb custom_padding__hover=\u00bb|||\u00bb][et_pb_text _builder_version=\u00bb4.16&#8243; global_colors_info=\u00bb{}\u00bb]<\/p>\n<blockquote>\n<p><span style=\"font-size: large;\">Improvisaciones para talleres con psic\u00f3logos\/as, mediadores\/as, abogados\/as, polic\u00edas, m\u00e9dicos, etc.<\/span><\/p>\n<\/blockquote>\n<p>[\/et_pb_text][et_pb_text _builder_version=\u00bb4.16&#8243; text_font=\u00bb||||||||\u00bb max_width=\u00bb93%\u00bb module_alignment=\u00bbleft\u00bb custom_margin=\u00bb||\u00bb global_colors_info=\u00bb{}\u00bb]<\/p>\n<div class=\"hover-bio-wrapper\">\n<div class=\"hover-bio\">\n<figure class=\"hover-bio\"><img decoding=\"async\" src=\"https:\/\/lartdecomunicar.cat\/wp-content\/uploads\/2018\/11\/tallers-psico.jpg\" \/><figcaption>Actores y actrices para poner en pr\u00e1ctica todo lo que profesionales de distintos sectores necesitan para poder perfeccionar en sus trabajos; en sus habilidades de comunicaci\u00f3n y en la resoluci\u00f3n de conflictos.<br \/>\nYa han practicado con nosotros distintas situaciones que se encuentran en sus profesiones y que les son dif\u00edciles de gestionar.\n<\/p>\n<\/figure>\n<\/div>\n<\/div>\n<p>[\/et_pb_text][\/et_pb_column][et_pb_column type=\u00bb1_3&#8243; _builder_version=\u00bb4.16&#8243; background_color=\u00bb#b7b7b7&#8243; custom_padding=\u00bb10px|10px|10px|10px\u00bb custom_css_main_element=\u00bbborder-radius: 25px;\u00bb global_colors_info=\u00bb{}\u00bb custom_padding__hover=\u00bb|||\u00bb][et_pb_text _builder_version=\u00bb4.16&#8243; global_colors_info=\u00bb{}\u00bb]<\/p>\n<blockquote>\n<p><span style=\"font-size: large;\"> Creaci\u00f3n de actos socioculturales<\/span><\/p>\n<\/blockquote>\n<p>[\/et_pb_text][et_pb_text _builder_version=\u00bb4.16&#8243; text_font=\u00bb||||||||\u00bb global_colors_info=\u00bb{}\u00bb]<\/p>\n<div class=\"hover-bio-wrapper\">\n<div class=\"hover-bio\">\n<figure class=\"hover-bio\"><img decoding=\"async\" src=\"https:\/\/lartdecomunicar.cat\/wp-content\/uploads\/2018\/06\/sal\u00f33.jpg\" \/><\/p><figcaption>Presentaciones de actos, simposios, libros, productos, conferencias, charlas&#8230;<\/figcaption><\/figure>\n<\/div>\n<\/div>\n<p>[\/et_pb_text][\/et_pb_column][\/et_pb_row][\/et_pb_section]<\/p>\n","protected":false},"excerpt":{"rendered":"<p>Actores y Actrices para producciones audiovisuales y corporativasNosotros -integrantes de LART- somos actores y adem\u00e1s disponemos de una extensa cartera de profesionales del mundo de la interpretaci\u00f3n que colaboran habitualmente con nosotros en distintos \u00e1mbitos. Para productoras: v\u00eddeos corporativos, publicidad, locuciones, etc. Te buscamos actores y actrices adecuados para tu proyecto sin que tengas que [&hellip;]<\/p>\n","protected":false},"author":6,"featured_media":0,"parent":0,"menu_order":0,"comment_status":"closed","ping_status":"closed","template":"","meta":{"_et_pb_use_builder":"on","_et_pb_old_content":"","_et_gb_content_width":"","footnotes":""},"class_list":["post-5720","page","type-page","status-publish","hentry"],"yoast_head":"<!-- This site is optimized with the Yoast SEO plugin v27.4 - https:\/\/yoast.com\/product\/yoast-seo-wordpress\/ -->\n<title>LART saber comunicar | Cartera de actores profesionales<\/title>\n<meta name=\"description\" content=\"En LART saber comunicar ofrecemos actores para simulaciones, castings y v\u00eddeos corporativos, as\u00ed como cursos de oratoria y comunicaci\u00f3n para profesionales.\" \/>\n<meta name=\"robots\" content=\"index, follow, max-snippet:-1, max-image-preview:large, max-video-preview:-1\" \/>\n<link rel=\"canonical\" href=\"https:\/\/lartdecomunicar.cat\/es\/cartera-dactors\/\" \/>\n<meta property=\"og:locale\" content=\"es_ES\" \/>\n<meta property=\"og:type\" content=\"article\" \/>\n<meta property=\"og:title\" content=\"LART saber comunicar | Cartera de actores profesionales\" \/>\n<meta property=\"og:description\" content=\"En LART saber comunicar ofrecemos actores para simulaciones, castings y v\u00eddeos corporativos, as\u00ed como cursos de oratoria y comunicaci\u00f3n para profesionales.\" \/>\n<meta property=\"og:url\" content=\"https:\/\/lartdecomunicar.cat\/es\/cartera-dactors\/\" \/>\n<meta property=\"og:site_name\" content=\"L&#039;art de saber comunicar\" \/>\n<meta property=\"article:publisher\" content=\"https:\/\/www.facebook.com\/lartdecomunicar\" \/>\n<meta property=\"article:modified_time\" content=\"2025-05-02T11:27:08+00:00\" \/>\n<meta property=\"og:image\" content=\"https:\/\/lartdecomunicar.cat\/wp-content\/uploads\/2018\/06\/0078_SLC_Maxchief_TheEventMasters.jpg\" \/>\n<meta name=\"twitter:card\" content=\"summary_large_image\" \/>\n<meta name=\"twitter:label1\" content=\"Tiempo de lectura\" \/>\n\t<meta name=\"twitter:data1\" content=\"2 minutos\" \/>\n<script type=\"application\/ld+json\" class=\"yoast-schema-graph\">{\"@context\":\"https:\\\/\\\/schema.org\",\"@graph\":[{\"@type\":\"WebPage\",\"@id\":\"https:\\\/\\\/lartdecomunicar.cat\\\/es\\\/cartera-dactors\\\/\",\"url\":\"https:\\\/\\\/lartdecomunicar.cat\\\/es\\\/cartera-dactors\\\/\",\"name\":\"LART saber comunicar | Cartera de actores profesionales\",\"isPartOf\":{\"@id\":\"https:\\\/\\\/lartdecomunicar.cat\\\/#website\"},\"primaryImageOfPage\":{\"@id\":\"https:\\\/\\\/lartdecomunicar.cat\\\/es\\\/cartera-dactors\\\/#primaryimage\"},\"image\":{\"@id\":\"https:\\\/\\\/lartdecomunicar.cat\\\/es\\\/cartera-dactors\\\/#primaryimage\"},\"thumbnailUrl\":\"https:\\\/\\\/lartdecomunicar.cat\\\/wp-content\\\/uploads\\\/2018\\\/06\\\/0078_SLC_Maxchief_TheEventMasters.jpg\",\"datePublished\":\"2018-04-27T12:36:12+00:00\",\"dateModified\":\"2025-05-02T11:27:08+00:00\",\"description\":\"En LART saber comunicar ofrecemos actores para simulaciones, castings y v\u00eddeos corporativos, as\u00ed como cursos de oratoria y comunicaci\u00f3n para profesionales.\",\"breadcrumb\":{\"@id\":\"https:\\\/\\\/lartdecomunicar.cat\\\/es\\\/cartera-dactors\\\/#breadcrumb\"},\"inLanguage\":\"es\",\"potentialAction\":[{\"@type\":\"ReadAction\",\"target\":[\"https:\\\/\\\/lartdecomunicar.cat\\\/es\\\/cartera-dactors\\\/\"]}]},{\"@type\":\"ImageObject\",\"inLanguage\":\"es\",\"@id\":\"https:\\\/\\\/lartdecomunicar.cat\\\/es\\\/cartera-dactors\\\/#primaryimage\",\"url\":\"https:\\\/\\\/lartdecomunicar.cat\\\/wp-content\\\/uploads\\\/2018\\\/06\\\/0078_SLC_Maxchief_TheEventMasters.jpg\",\"contentUrl\":\"https:\\\/\\\/lartdecomunicar.cat\\\/wp-content\\\/uploads\\\/2018\\\/06\\\/0078_SLC_Maxchief_TheEventMasters.jpg\"},{\"@type\":\"BreadcrumbList\",\"@id\":\"https:\\\/\\\/lartdecomunicar.cat\\\/es\\\/cartera-dactors\\\/#breadcrumb\",\"itemListElement\":[{\"@type\":\"ListItem\",\"position\":1,\"name\":\"Portada\",\"item\":\"https:\\\/\\\/lartdecomunicar.cat\\\/\"},{\"@type\":\"ListItem\",\"position\":2,\"name\":\"Cartera de actores\"}]},{\"@type\":\"WebSite\",\"@id\":\"https:\\\/\\\/lartdecomunicar.cat\\\/#website\",\"url\":\"https:\\\/\\\/lartdecomunicar.cat\\\/\",\"name\":\"LARTdecomunicar\",\"description\":\"Serveis de comunicaci\u00f3 interpersonal i orat\u00f2ria en p\u00fablic\",\"publisher\":{\"@id\":\"https:\\\/\\\/lartdecomunicar.cat\\\/#organization\"},\"potentialAction\":[{\"@type\":\"SearchAction\",\"target\":{\"@type\":\"EntryPoint\",\"urlTemplate\":\"https:\\\/\\\/lartdecomunicar.cat\\\/?s={search_term_string}\"},\"query-input\":{\"@type\":\"PropertyValueSpecification\",\"valueRequired\":true,\"valueName\":\"search_term_string\"}}],\"inLanguage\":\"es\"},{\"@type\":\"Organization\",\"@id\":\"https:\\\/\\\/lartdecomunicar.cat\\\/#organization\",\"name\":\"LARTdecomunicar\",\"url\":\"https:\\\/\\\/lartdecomunicar.cat\\\/\",\"logo\":{\"@type\":\"ImageObject\",\"inLanguage\":\"es\",\"@id\":\"https:\\\/\\\/lartdecomunicar.cat\\\/#\\\/schema\\\/logo\\\/image\\\/\",\"url\":\"https:\\\/\\\/www.lartdecomunicar.com\\\/wp-content\\\/uploads\\\/2014\\\/11\\\/LogoLART_2014_baixa.png\",\"contentUrl\":\"https:\\\/\\\/www.lartdecomunicar.com\\\/wp-content\\\/uploads\\\/2014\\\/11\\\/LogoLART_2014_baixa.png\",\"width\":304,\"height\":119,\"caption\":\"LARTdecomunicar\"},\"image\":{\"@id\":\"https:\\\/\\\/lartdecomunicar.cat\\\/#\\\/schema\\\/logo\\\/image\\\/\"},\"sameAs\":[\"https:\\\/\\\/www.facebook.com\\\/lartdecomunicar\"]}]}<\/script>\n<!-- \/ Yoast SEO plugin. -->","yoast_head_json":{"title":"LART saber comunicar | Cartera de actores profesionales","description":"En LART saber comunicar ofrecemos actores para simulaciones, castings y v\u00eddeos corporativos, as\u00ed como cursos de oratoria y comunicaci\u00f3n para profesionales.","robots":{"index":"index","follow":"follow","max-snippet":"max-snippet:-1","max-image-preview":"max-image-preview:large","max-video-preview":"max-video-preview:-1"},"canonical":"https:\/\/lartdecomunicar.cat\/es\/cartera-dactors\/","og_locale":"es_ES","og_type":"article","og_title":"LART saber comunicar | Cartera de actores profesionales","og_description":"En LART saber comunicar ofrecemos actores para simulaciones, castings y v\u00eddeos corporativos, as\u00ed como cursos de oratoria y comunicaci\u00f3n para profesionales.","og_url":"https:\/\/lartdecomunicar.cat\/es\/cartera-dactors\/","og_site_name":"L&#039;art de saber comunicar","article_publisher":"https:\/\/www.facebook.com\/lartdecomunicar","article_modified_time":"2025-05-02T11:27:08+00:00","og_image":[{"url":"https:\/\/lartdecomunicar.cat\/wp-content\/uploads\/2018\/06\/0078_SLC_Maxchief_TheEventMasters.jpg","type":"","width":"","height":""}],"twitter_card":"summary_large_image","twitter_misc":{"Tiempo de lectura":"2 minutos"},"schema":{"@context":"https:\/\/schema.org","@graph":[{"@type":"WebPage","@id":"https:\/\/lartdecomunicar.cat\/es\/cartera-dactors\/","url":"https:\/\/lartdecomunicar.cat\/es\/cartera-dactors\/","name":"LART saber comunicar | Cartera de actores profesionales","isPartOf":{"@id":"https:\/\/lartdecomunicar.cat\/#website"},"primaryImageOfPage":{"@id":"https:\/\/lartdecomunicar.cat\/es\/cartera-dactors\/#primaryimage"},"image":{"@id":"https:\/\/lartdecomunicar.cat\/es\/cartera-dactors\/#primaryimage"},"thumbnailUrl":"https:\/\/lartdecomunicar.cat\/wp-content\/uploads\/2018\/06\/0078_SLC_Maxchief_TheEventMasters.jpg","datePublished":"2018-04-27T12:36:12+00:00","dateModified":"2025-05-02T11:27:08+00:00","description":"En LART saber comunicar ofrecemos actores para simulaciones, castings y v\u00eddeos corporativos, as\u00ed como cursos de oratoria y comunicaci\u00f3n para profesionales.","breadcrumb":{"@id":"https:\/\/lartdecomunicar.cat\/es\/cartera-dactors\/#breadcrumb"},"inLanguage":"es","potentialAction":[{"@type":"ReadAction","target":["https:\/\/lartdecomunicar.cat\/es\/cartera-dactors\/"]}]},{"@type":"ImageObject","inLanguage":"es","@id":"https:\/\/lartdecomunicar.cat\/es\/cartera-dactors\/#primaryimage","url":"https:\/\/lartdecomunicar.cat\/wp-content\/uploads\/2018\/06\/0078_SLC_Maxchief_TheEventMasters.jpg","contentUrl":"https:\/\/lartdecomunicar.cat\/wp-content\/uploads\/2018\/06\/0078_SLC_Maxchief_TheEventMasters.jpg"},{"@type":"BreadcrumbList","@id":"https:\/\/lartdecomunicar.cat\/es\/cartera-dactors\/#breadcrumb","itemListElement":[{"@type":"ListItem","position":1,"name":"Portada","item":"https:\/\/lartdecomunicar.cat\/"},{"@type":"ListItem","position":2,"name":"Cartera de actores"}]},{"@type":"WebSite","@id":"https:\/\/lartdecomunicar.cat\/#website","url":"https:\/\/lartdecomunicar.cat\/","name":"LARTdecomunicar","description":"Serveis de comunicaci\u00f3 interpersonal i orat\u00f2ria en p\u00fablic","publisher":{"@id":"https:\/\/lartdecomunicar.cat\/#organization"},"potentialAction":[{"@type":"SearchAction","target":{"@type":"EntryPoint","urlTemplate":"https:\/\/lartdecomunicar.cat\/?s={search_term_string}"},"query-input":{"@type":"PropertyValueSpecification","valueRequired":true,"valueName":"search_term_string"}}],"inLanguage":"es"},{"@type":"Organization","@id":"https:\/\/lartdecomunicar.cat\/#organization","name":"LARTdecomunicar","url":"https:\/\/lartdecomunicar.cat\/","logo":{"@type":"ImageObject","inLanguage":"es","@id":"https:\/\/lartdecomunicar.cat\/#\/schema\/logo\/image\/","url":"https:\/\/www.lartdecomunicar.com\/wp-content\/uploads\/2014\/11\/LogoLART_2014_baixa.png","contentUrl":"https:\/\/www.lartdecomunicar.com\/wp-content\/uploads\/2014\/11\/LogoLART_2014_baixa.png","width":304,"height":119,"caption":"LARTdecomunicar"},"image":{"@id":"https:\/\/lartdecomunicar.cat\/#\/schema\/logo\/image\/"},"sameAs":["https:\/\/www.facebook.com\/lartdecomunicar"]}]}},"_links":{"self":[{"href":"https:\/\/lartdecomunicar.cat\/es\/wp-json\/wp\/v2\/pages\/5720","targetHints":{"allow":["GET"]}}],"collection":[{"href":"https:\/\/lartdecomunicar.cat\/es\/wp-json\/wp\/v2\/pages"}],"about":[{"href":"https:\/\/lartdecomunicar.cat\/es\/wp-json\/wp\/v2\/types\/page"}],"author":[{"embeddable":true,"href":"https:\/\/lartdecomunicar.cat\/es\/wp-json\/wp\/v2\/users\/6"}],"replies":[{"embeddable":true,"href":"https:\/\/lartdecomunicar.cat\/es\/wp-json\/wp\/v2\/comments?post=5720"}],"version-history":[{"count":20,"href":"https:\/\/lartdecomunicar.cat\/es\/wp-json\/wp\/v2\/pages\/5720\/revisions"}],"predecessor-version":[{"id":6682,"href":"https:\/\/lartdecomunicar.cat\/es\/wp-json\/wp\/v2\/pages\/5720\/revisions\/6682"}],"wp:attachment":[{"href":"https:\/\/lartdecomunicar.cat\/es\/wp-json\/wp\/v2\/media?parent=5720"}],"curies":[{"name":"wp","href":"https:\/\/api.w.org\/{rel}","templated":true}]}}